{"id":348,"date":"2024-02-22T14:11:16","date_gmt":"2024-02-22T13:11:16","guid":{"rendered":"https:\/\/digitxpert.fr\/?page_id=348"},"modified":"2025-03-29T21:19:34","modified_gmt":"2025-03-29T20:19:34","slug":"notre-histoire","status":"publish","type":"page","link":"https:\/\/digitxpert.fr\/index.php\/notre-histoire\/","title":{"rendered":"Qui sommes nous ?"},"content":{"rendered":"<div class=\"wpb-content-wrapper\">[vc_row][vc_column][vc_column_text font_size=\u00a0\u00bb30&Prime;]\n<h1 style=\"text-decoration: underline; text-decoration-color: #3496d8;\">Qui sommes nous<\/h1>\n[\/vc_column_text][\/vc_column][\/vc_row][vc_row][vc_column][vc_column_text font_size=\u00a0\u00bb18&Prime;]<strong>Bienvenue chez DigitXpert !<\/strong><\/p>\n<p>Nous sommes une agence digitale sp\u00e9cialis\u00e9e dans la cr\u00e9ation de sites internet , accompagnant nos clients \u00e0 chaque \u00e9tape de leur projet num\u00e9rique. Fond\u00e9e par Leonardo Oviedo, DigitXpert a pour mission de transformer vos id\u00e9es en r\u00e9alisations concr\u00e8tes et de vous aider \u00e0 naviguer dans le monde digital avec confiance et succ\u00e8s.<\/p>\n<h4>Notre mission<\/h4>\n<p>Chez DigitXpert, notre mission est de fournir des solutions digitales innovantes et personnalis\u00e9es qui r\u00e9pondent aux besoins sp\u00e9cifiques de chaque client. Nous croyons que chaque entreprise m\u00e9rite un site internet qui refl\u00e8te parfaitement son identit\u00e9 et ses valeurs, tout en offrant une exp\u00e9rience utilisateur exceptionnelle.<\/p>\n<h4>Nos services<\/h4>\n<p>Nous offrons une gamme compl\u00e8te de services pour vous accompagner dans la r\u00e9alisation de votre projet digital :<\/p>\n<ul>\n<li><strong>Cr\u00e9ation de sites internet<\/strong> : Des designs modernes et fonctionnels adapt\u00e9s \u00e0 votre secteur d&rsquo;activit\u00e9.<\/li>\n<li><strong>Accompagnement personnalis\u00e9<\/strong> : De la conception \u00e0 la mise en ligne, nous vous guidons et vous conseillons \u00e0 chaque \u00e9tape.<\/li>\n<li><strong>Maintenance et support<\/strong> : Nous restons \u00e0 vos c\u00f4t\u00e9s pour assurer la p\u00e9rennit\u00e9 et la performance de votre site.<\/li>\n<\/ul>\n<h4>Notre histoire<\/h4>\n<p>DigitXpert a \u00e9t\u00e9 fond\u00e9e par Leonardo Oviedo, passionn\u00e9 de technologie et de design, avec l&rsquo;objectif de fournir des solutions digitales de qualit\u00e9s.<\/p>\n<h4>Nos valeurs<\/h4>\n<ul>\n<li><strong>Qualit\u00e9<\/strong> : Chaque projet est r\u00e9alis\u00e9 avec un souci du d\u00e9tail et un engagement envers l&rsquo;excellence.<\/li>\n<li><strong>Transparence<\/strong> : Nous croyons en une communication ouverte et honn\u00eate avec nos clients.<\/li>\n<li><strong>Engagement<\/strong> : Votre succ\u00e8s est notre priorit\u00e9. Nous nous investissons pleinement dans chaque projet pour garantir votre satisfaction.<\/li>\n<\/ul>\n[\/vc_column_text][\/vc_column][\/vc_row]\n<\/div>","protected":false},"excerpt":{"rendered":"<p>[vc_row][vc_column][vc_column_text font_size=\u00a0\u00bb30&Prime;] Qui sommes nous [\/vc_column_text][\/vc_column][\/vc_row][vc_row][vc_column][vc_column_text font_size=\u00a0\u00bb18&Prime;]Bienvenue chez DigitXpert ! Nous sommes une agence digitale sp\u00e9cialis\u00e9e dans la cr\u00e9ation de sites internet , accompagnant nos clients \u00e0 chaque \u00e9tape de leur projet num\u00e9rique. Fond\u00e9e par Leonardo Oviedo, DigitXpert a pour mission de transformer vos id\u00e9es en r\u00e9alisations concr\u00e8tes et de vous aider \u00e0 naviguer dans&hellip;<\/p>\n","protected":false},"author":1,"featured_media":0,"parent":0,"menu_order":0,"comment_status":"closed","ping_status":"closed","template":"","meta":{"om_disable_all_campaigns":false,"_monsterinsights_skip_tracking":false,"_monsterinsights_sitenote_active":false,"_monsterinsights_sitenote_note":"","_monsterinsights_sitenote_category":0,"_uf_show_specific_survey":0,"_uf_disable_surveys":false,"_themeisle_gutenberg_block_has_review":false,"footnotes":""},"class_list":["post-348","page","type-page","status-publish","hentry","entry","no-media"],"aioseo_notices":[],"jetpack_sharing_enabled":true,"_links":{"self":[{"href":"https:\/\/digitxpert.fr\/index.php\/wp-json\/wp\/v2\/pages\/348","targetHints":{"allow":["GET"]}}],"collection":[{"href":"https:\/\/digitxpert.fr\/index.php\/wp-json\/wp\/v2\/pages"}],"about":[{"href":"https:\/\/digitxpert.fr\/index.php\/wp-json\/wp\/v2\/types\/page"}],"author":[{"embeddable":true,"href":"https:\/\/digitxpert.fr\/index.php\/wp-json\/wp\/v2\/users\/1"}],"replies":[{"embeddable":true,"href":"https:\/\/digitxpert.fr\/index.php\/wp-json\/wp\/v2\/comments?post=348"}],"version-history":[{"count":6,"href":"https:\/\/digitxpert.fr\/index.php\/wp-json\/wp\/v2\/pages\/348\/revisions"}],"predecessor-version":[{"id":521,"href":"https:\/\/digitxpert.fr\/index.php\/wp-json\/wp\/v2\/pages\/348\/revisions\/521"}],"wp:attachment":[{"href":"https:\/\/digitxpert.fr\/index.php\/wp-json\/wp\/v2\/media?parent=348"}],"curies":[{"name":"wp","href":"https:\/\/api.w.org\/{rel}","templated":true}]}}