{"id":339,"date":"2024-02-22T14:05:37","date_gmt":"2024-02-22T13:05:37","guid":{"rendered":"https:\/\/digitxpert.fr\/?page_id=339"},"modified":"2025-02-23T14:07:53","modified_gmt":"2025-02-23T13:07:53","slug":"reseaux-sociaux","status":"publish","type":"page","link":"https:\/\/digitxpert.fr\/index.php\/reseaux-sociaux\/","title":{"rendered":"R\u00e9seaux sociaux"},"content":{"rendered":"<div class=\"wpb-content-wrapper\">[vc_row][vc_column][vc_column_text font_size=\u00a0\u00bb30&Prime;]\n<h1 style=\"text-decoration: underline; text-decoration-color: #3496d8;\">RESEAUX SOCIAUX<\/h1>\n<p>Facebook et Instagram[\/vc_column_text][\/vc_column][\/vc_row][vc_row][vc_column][vc_column_text font_size=\u00a0\u00bb18&Prime;]<span style=\"font-weight: 400;\">Digitxpert s&rsquo;occupe de l&rsquo;animation de vos r\u00e9seaux sociaux \u00e0 360\u00b0 : de la <\/span><span style=\"font-weight: 400;\">strat\u00e9gie<\/span><span style=\"font-weight: 400;\"> \u00e0 la <\/span><span style=\"font-weight: 400;\">cr\u00e9ation de contenus originaux<\/span><span style=\"font-weight: 400;\"> pour\u00a0 vos r\u00e9seaux sociaux, en passant par <\/span><span style=\"font-weight: 400;\">la <\/span><span style=\"font-weight: 400;\">publicit\u00e9 Social Med<\/span>ia<span style=\"font-weight: 400;\"> afin que celle- ci deviennent un succ\u00e8s !<\/span><\/p>\n<p><span style=\"font-weight: 400;\">Afin d\u2019animer vos r\u00e9seaux sociaux sur Facebook et Instagram\u00a0 nous pouvons vous proposer entre autre :<\/span>[\/vc_column_text][\/vc_column][\/vc_row][vc_row][vc_column width=\u00a0\u00bb1\/3&Prime;]<figure class=\"vcex-image vcex-module textcenter  wpb_animate_when_almost_visible wpb_bounceIn bounceIn\"><div class=\"vcex-image-inner wpex-relative wpex-inline-block\"><img loading=\"lazy\" class=\"vcex-image-img wpex-align-middle\" decoding=\"async\" src=\"https:\/\/digitxpert.fr\/wp-content\/uploads\/2024\/03\/idee-150x150.png\" alt=\"\" srcset=\"https:\/\/digitxpert.fr\/wp-content\/uploads\/2024\/03\/idee-150x150.png 150w, https:\/\/digitxpert.fr\/wp-content\/uploads\/2024\/03\/idee-100x100.png 100w, https:\/\/digitxpert.fr\/wp-content\/uploads\/2024\/03\/idee.png 200w\" width=\"150\" height=\"150\"><\/div><\/figure>[vc_column_text font_size=\u00a0\u00bb18&Prime;]\n<h3 style=\"text-align: center;\"><strong>Des contenus cr\u00e9atifs<\/strong><\/h3>\n<p style=\"text-align: center;\"><span style=\"font-weight: 400;\">Visuels, shootings photos &amp; vid\u00e9os.<\/span><\/p>\n[\/vc_column_text][\/vc_column][vc_column width=\u00a0\u00bb1\/3&Prime;]<figure class=\"vcex-image vcex-module textcenter  wpb_animate_when_almost_visible wpb_bounceIn bounceIn\"><div class=\"vcex-image-inner wpex-relative wpex-inline-block\"><img loading=\"lazy\" class=\"vcex-image-img wpex-align-middle\" decoding=\"async\" src=\"https:\/\/digitxpert.fr\/wp-content\/uploads\/2024\/03\/jeu-150x150.png\" alt=\"\" srcset=\"https:\/\/digitxpert.fr\/wp-content\/uploads\/2024\/03\/jeu-150x150.png 150w, https:\/\/digitxpert.fr\/wp-content\/uploads\/2024\/03\/jeu-100x100.png 100w, https:\/\/digitxpert.fr\/wp-content\/uploads\/2024\/03\/jeu.png 200w\" width=\"150\" height=\"150\"><\/div><\/figure>[vc_column_text font_size=\u00a0\u00bb18&Prime;]\n<h3 style=\"text-align: center;\"><strong>Des Jeux\/Concours<\/strong><\/h3>\n<p style=\"text-align: center;\">Digitxpert mets en place vos jeux concours : r\u00e8glement, communication du jeu, design, s\u00e9lection des gagnants.<\/p>\n[\/vc_column_text][\/vc_column][vc_column width=\u00a0\u00bb1\/3&Prime;]<figure class=\"vcex-image vcex-module textcenter  wpb_animate_when_almost_visible wpb_bounceIn bounceIn\"><div class=\"vcex-image-inner wpex-relative wpex-inline-block\"><img loading=\"lazy\" class=\"vcex-image-img wpex-align-middle\" decoding=\"async\" src=\"https:\/\/digitxpert.fr\/wp-content\/uploads\/2024\/03\/argent-150x150.png\" alt=\"\" srcset=\"https:\/\/digitxpert.fr\/wp-content\/uploads\/2024\/03\/argent-150x150.png 150w, https:\/\/digitxpert.fr\/wp-content\/uploads\/2024\/03\/argent-100x100.png 100w, https:\/\/digitxpert.fr\/wp-content\/uploads\/2024\/03\/argent.png 200w\" width=\"150\" height=\"150\"><\/div><\/figure>[vc_column_text font_size=\u00a0\u00bb18&Prime;]\n<h3 style=\"text-align: center;\"><strong>Sponsorisation publicitaire<\/strong><\/h3>\n<p style=\"text-align: center;\"><strong>Digitxpert <\/strong>s&rsquo;occupe de vos campagnes de sponsorisation publicitaire pour \u00eatre s\u00fbr que vos contenus touchent leur cible.<\/p>\n[\/vc_column_text][\/vc_column][\/vc_row][vc_row][vc_column]<style> style=\"height:2px;\"<\/style><div class=\"vcex-spacing wpex-w-100 wpex-clear\" style=\"height:2px;\"><\/div>[\/vc_column][\/vc_row][vc_row][vc_column]<figure class=\"vcex-image vcex-module\"><div class=\"vcex-image-inner wpex-relative wpex-inline-block\"><img width=\"1230\" height=\"160\" src=\"https:\/\/digitxpert.fr\/wp-content\/uploads\/2024\/03\/LIVE-2.png\" class=\"vcex-image-img wpex-align-middle\" alt=\"\" loading=\"lazy\" decoding=\"async\" srcset=\"https:\/\/digitxpert.fr\/wp-content\/uploads\/2024\/03\/LIVE-2.png 1230w, https:\/\/digitxpert.fr\/wp-content\/uploads\/2024\/03\/LIVE-2-300x39.png 300w, https:\/\/digitxpert.fr\/wp-content\/uploads\/2024\/03\/LIVE-2-1024x133.png 1024w, https:\/\/digitxpert.fr\/wp-content\/uploads\/2024\/03\/LIVE-2-768x100.png 768w, https:\/\/digitxpert.fr\/wp-content\/uploads\/2024\/03\/LIVE-2-600x78.png 600w\" sizes=\"auto, (max-width: 1230px) 100vw, 1230px\" \/><\/div><\/figure>[\/vc_column][\/vc_row][vc_row][vc_column width=\u00a0\u00bb1\/2&Prime;][vc_column_text font_size=\u00a0\u00bb18&Prime;]<strong>Le live shopping<\/strong> consiste \u00e0 promouvoir et vendre des produits par le biais des r\u00e9seaux sociaux. C\u2019est une nouvelle fa\u00e7on d\u2019acheter des produits pendant la diffusion d\u2019une vid\u00e9o en direct. Les internautes sont de plus en plus s\u00e9duits par ce format \u00ab t\u00e9l\u00e9achat \u00bb moderne.<\/p>\n<p>67% des Fran\u00e7ais sont int\u00e9ress\u00e9s par le live shopping, un format au taux de conversion 10 fois sup\u00e9rieur par rapport aux canaux traditionnels.<\/p>\n<p>En totale rupture avec la vision actuelle du live shopping port\u00e9e par les marques et h\u00e9berg\u00e9e sur leur sites web, le live shopping est un format d\u2019influence qui a sa place sur les r\u00e9seaux sociaux.<\/p>\n<p>De la r\u00e9flexion strat\u00e9gique jusqu\u2019\u00e0 la mise en place technique du live, notre agence vous accompagne pour produire vos live sur Facebook ou Instagram avec du contenu cr\u00e9atif et performant destin\u00e9 \u00e0 atteindre vos objectifs (image, notori\u00e9t\u00e9, engagement, conversion\u2026).<\/p>\n<p>Si vous souhaitez promouvoir votre marque, vos produits ou vos services, notre agence vous aidera \u00e0 la r\u00e9alisation de vos lives.[\/vc_column_text][\/vc_column][vc_column width=\u00a0\u00bb1\/2&Prime;]<figure class=\"vcex-image vcex-module\"><div class=\"vcex-image-inner wpex-relative wpex-inline-block\"><img width=\"615\" height=\"588\" src=\"https:\/\/digitxpert.fr\/wp-content\/uploads\/2025\/02\/Sans-titre-1.jpg\" class=\"vcex-image-img wpex-align-middle\" alt=\"\" loading=\"lazy\" decoding=\"async\" srcset=\"https:\/\/digitxpert.fr\/wp-content\/uploads\/2025\/02\/Sans-titre-1.jpg 615w, https:\/\/digitxpert.fr\/wp-content\/uploads\/2025\/02\/Sans-titre-1-300x287.jpg 300w, https:\/\/digitxpert.fr\/wp-content\/uploads\/2025\/02\/Sans-titre-1-600x574.jpg 600w\" sizes=\"auto, (max-width: 615px) 100vw, 615px\" \/><\/div><\/figure>[\/vc_column][\/vc_row]\n<\/div>","protected":false},"excerpt":{"rendered":"<p>[vc_row][vc_column][vc_column_text font_size=\u00a0\u00bb30&Prime;] RESEAUX SOCIAUX Facebook et Instagram[\/vc_column_text][\/vc_column][\/vc_row][vc_row][vc_column][vc_column_text font_size=\u00a0\u00bb18&Prime;]Digitxpert s&rsquo;occupe de l&rsquo;animation de vos r\u00e9seaux sociaux \u00e0 360\u00b0 : de la strat\u00e9gie \u00e0 la cr\u00e9ation de contenus originaux pour\u00a0 vos r\u00e9seaux sociaux, en passant par la publicit\u00e9 Social Media afin que celle- ci deviennent un succ\u00e8s ! Afin d\u2019animer vos r\u00e9seaux sociaux sur Facebook et Instagram\u00a0&hellip;<\/p>\n","protected":false},"author":1,"featured_media":0,"parent":0,"menu_order":0,"comment_status":"closed","ping_status":"closed","template":"","meta":{"om_disable_all_campaigns":false,"_monsterinsights_skip_tracking":false,"_monsterinsights_sitenote_active":false,"_monsterinsights_sitenote_note":"","_monsterinsights_sitenote_category":0,"_uf_show_specific_survey":0,"_uf_disable_surveys":false,"_themeisle_gutenberg_block_has_review":false,"footnotes":""},"class_list":["post-339","page","type-page","status-publish","hentry","entry","no-media"],"aioseo_notices":[],"jetpack_sharing_enabled":true,"_links":{"self":[{"href":"https:\/\/digitxpert.fr\/index.php\/wp-json\/wp\/v2\/pages\/339","targetHints":{"allow":["GET"]}}],"collection":[{"href":"https:\/\/digitxpert.fr\/index.php\/wp-json\/wp\/v2\/pages"}],"about":[{"href":"https:\/\/digitxpert.fr\/index.php\/wp-json\/wp\/v2\/types\/page"}],"author":[{"embeddable":true,"href":"https:\/\/digitxpert.fr\/index.php\/wp-json\/wp\/v2\/users\/1"}],"replies":[{"embeddable":true,"href":"https:\/\/digitxpert.fr\/index.php\/wp-json\/wp\/v2\/comments?post=339"}],"version-history":[{"count":12,"href":"https:\/\/digitxpert.fr\/index.php\/wp-json\/wp\/v2\/pages\/339\/revisions"}],"predecessor-version":[{"id":531,"href":"https:\/\/digitxpert.fr\/index.php\/wp-json\/wp\/v2\/pages\/339\/revisions\/531"}],"wp:attachment":[{"href":"https:\/\/digitxpert.fr\/index.php\/wp-json\/wp\/v2\/media?parent=339"}],"curies":[{"name":"wp","href":"https:\/\/api.w.org\/{rel}","templated":true}]}}