{"id":336,"date":"2024-02-22T14:04:11","date_gmt":"2024-02-22T13:04:11","guid":{"rendered":"https:\/\/digitxpert.fr\/?page_id=336"},"modified":"2025-02-23T14:11:19","modified_gmt":"2025-02-23T13:11:19","slug":"referencement","status":"publish","type":"page","link":"https:\/\/digitxpert.fr\/index.php\/referencement\/","title":{"rendered":"R\u00e9f\u00e9rencement"},"content":{"rendered":"<div class=\"wpb-content-wrapper\">[vc_row][vc_column][vc_column_text font_size=\u00a0\u00bb25&Prime;]\n<h1 style=\"text-decoration: underline; text-decoration-color: #3496d8;\">REFERENCEMENT<\/h1>\n<p>SEO[\/vc_column_text][\/vc_column][\/vc_row][vc_row][vc_column][vc_column_text font_size=\u00a0\u00bb17&Prime;]Outre nos diff\u00e9rents services <strong>Digitxpert <\/strong>propose \u00e0 ses clients une v\u00e9ritable expertise en r\u00e9f\u00e9rencement<strong>\u00a0naturel.<\/strong>[\/vc_column_text][\/vc_column][\/vc_row][vc_row][vc_column width=\u00a0\u00bb1\/2&Prime;][vc_column_text font_size=\u00a0\u00bb17&Prime;]<strong>Digitxpert <\/strong>vous accompagne quels que soient votre secteur d\u2019activit\u00e9 et les objectifs vis\u00e9s, dans le gain de visibilit\u00e9 de vos sites.<\/p>\n<p>La<strong>\u00a0cr\u00e9ation d\u2019un site internet\u00a0<\/strong>n\u2019a d\u2019int\u00e9r\u00eat que si vos pages sont visibles et accessibles par le public. Pour cela, il convient d\u2019apporter une information pertinente aux internautes et de satisfaire aux exigences de positionnement et d\u2019indexation des algorithmes des moteurs de recherche.<\/p>\n<p>&nbsp;<\/p>\n<p>Des crit\u00e8res incontournables si vous voulez atteindre les objectifs vis\u00e9s par votre strat\u00e9gie digitale en vous positionnant dans les premiers r\u00e9sultats sur les pages de recherche.<\/p>\n<h3 style=\"color: #3496d8;\">Quels Sont Les Avantages Du R\u00e9f\u00e9rencement Naturel ?<\/h3>\n<p>Contrairement \u00e0 des formes de r\u00e9f\u00e9rencement payantes types campagnes adwords ou banni\u00e8res publicitaires, le\u00a0<strong>r\u00e9f\u00e9rencement naturel<\/strong> permet d\u2019obtenir une visibilit\u00e9 accrue, durable et permettant un retour sur investissement.<\/p>\n<p>Le\u00a0<strong>trafic organique<\/strong>\u00a0occasionn\u00e9 par le\u00a0<strong>SEO<\/strong> repr\u00e9sente une grande partie du trafic sur internet et repr\u00e9sente le plus rentable m\u00eame s\u2019il s\u2019inscrit sur le long terme.<\/p>\n<p>Gr\u00e2ce au\u00a0<strong>SEO<\/strong>, vous augmentez en continu le nombre de visiteurs qui naviguent sur vos pages web, vous am\u00e9liorez votre taux de conversion, vous apportez une exp\u00e9rience utilisateur optimale et vous boostez votre notori\u00e9t\u00e9 de mani\u00e8re globale.<\/p>\n<p>Autant de vertus qui doivent vous inciter \u00e0 inclure une dimension de r\u00e9f\u00e9rencement naturel dans votre\u00a0<strong>strat\u00e9gie de communication digitale<\/strong>.[\/vc_column_text][\/vc_column][vc_column width=\u00a0\u00bb1\/2&Prime;]<figure class=\"vcex-image vcex-module\"><div class=\"vcex-image-inner wpex-relative wpex-inline-block\"><img width=\"615\" height=\"979\" src=\"https:\/\/digitxpert.fr\/wp-content\/uploads\/2024\/03\/seo.jpg\" class=\"vcex-image-img wpex-align-middle\" alt=\"\" loading=\"lazy\" decoding=\"async\" srcset=\"https:\/\/digitxpert.fr\/wp-content\/uploads\/2024\/03\/seo.jpg 615w, https:\/\/digitxpert.fr\/wp-content\/uploads\/2024\/03\/seo-188x300.jpg 188w, https:\/\/digitxpert.fr\/wp-content\/uploads\/2024\/03\/seo-600x955.jpg 600w\" sizes=\"auto, (max-width: 615px) 100vw, 615px\" \/><\/div><\/figure>[\/vc_column][\/vc_row]\n<\/div>","protected":false},"excerpt":{"rendered":"<p>[vc_row][vc_column][vc_column_text font_size=\u00a0\u00bb25&Prime;] REFERENCEMENT SEO[\/vc_column_text][\/vc_column][\/vc_row][vc_row][vc_column][vc_column_text font_size=\u00a0\u00bb17&Prime;]Outre nos diff\u00e9rents services Digitxpert propose \u00e0 ses clients une v\u00e9ritable expertise en r\u00e9f\u00e9rencement\u00a0naturel.[\/vc_column_text][\/vc_column][\/vc_row][vc_row][vc_column width=\u00a0\u00bb1\/2&Prime;][vc_column_text font_size=\u00a0\u00bb17&Prime;]Digitxpert vous accompagne quels que soient votre secteur d\u2019activit\u00e9 et les objectifs vis\u00e9s, dans le gain de visibilit\u00e9 de vos sites. La\u00a0cr\u00e9ation d\u2019un site internet\u00a0n\u2019a d\u2019int\u00e9r\u00eat que si vos pages sont visibles et accessibles par le&hellip;<\/p>\n","protected":false},"author":1,"featured_media":0,"parent":0,"menu_order":0,"comment_status":"closed","ping_status":"closed","template":"","meta":{"om_disable_all_campaigns":false,"_monsterinsights_skip_tracking":false,"_monsterinsights_sitenote_active":false,"_monsterinsights_sitenote_note":"","_monsterinsights_sitenote_category":0,"_uf_show_specific_survey":0,"_uf_disable_surveys":false,"_themeisle_gutenberg_block_has_review":false,"footnotes":""},"class_list":["post-336","page","type-page","status-publish","hentry","entry","no-media"],"aioseo_notices":[],"jetpack_sharing_enabled":true,"_links":{"self":[{"href":"https:\/\/digitxpert.fr\/index.php\/wp-json\/wp\/v2\/pages\/336","targetHints":{"allow":["GET"]}}],"collection":[{"href":"https:\/\/digitxpert.fr\/index.php\/wp-json\/wp\/v2\/pages"}],"about":[{"href":"https:\/\/digitxpert.fr\/index.php\/wp-json\/wp\/v2\/types\/page"}],"author":[{"embeddable":true,"href":"https:\/\/digitxpert.fr\/index.php\/wp-json\/wp\/v2\/users\/1"}],"replies":[{"embeddable":true,"href":"https:\/\/digitxpert.fr\/index.php\/wp-json\/wp\/v2\/comments?post=336"}],"version-history":[{"count":17,"href":"https:\/\/digitxpert.fr\/index.php\/wp-json\/wp\/v2\/pages\/336\/revisions"}],"predecessor-version":[{"id":533,"href":"https:\/\/digitxpert.fr\/index.php\/wp-json\/wp\/v2\/pages\/336\/revisions\/533"}],"wp:attachment":[{"href":"https:\/\/digitxpert.fr\/index.php\/wp-json\/wp\/v2\/media?parent=336"}],"curies":[{"name":"wp","href":"https:\/\/api.w.org\/{rel}","templated":true}]}}