{"id":329,"date":"2024-02-22T14:01:58","date_gmt":"2024-02-22T13:01:58","guid":{"rendered":"https:\/\/digitxpert.fr\/?page_id=329"},"modified":"2025-03-29T21:18:54","modified_gmt":"2025-03-29T20:18:54","slug":"graphisme","status":"publish","type":"page","link":"https:\/\/digitxpert.fr\/index.php\/graphisme\/","title":{"rendered":"Graphisme"},"content":{"rendered":"<div class=\"wpb-content-wrapper\">[vc_row][vc_column width=\u00a0\u00bb2\/4&Prime;][vc_column_text font_size=\u00a0\u00bb30&Prime;]\n<h1 style=\"text-decoration: underline; text-decoration-color: #3496d8;\">GRAPHISME<\/h1>\n<p>SUPPORT VISUEL ET LOGO[\/vc_column_text][\/vc_column][vc_column width=\u00a0\u00bb2\/4&Prime;]<figure class=\"vcex-image vcex-module\"><div class=\"vcex-image-inner wpex-relative wpex-inline-block\"><img width=\"600\" height=\"229\" src=\"https:\/\/digitxpert.fr\/wp-content\/uploads\/2025\/02\/good.png\" class=\"vcex-image-img wpex-align-middle\" alt=\"\" loading=\"lazy\" decoding=\"async\" srcset=\"https:\/\/digitxpert.fr\/wp-content\/uploads\/2025\/02\/good.png 600w, https:\/\/digitxpert.fr\/wp-content\/uploads\/2025\/02\/good-300x115.png 300w\" sizes=\"auto, (max-width: 600px) 100vw, 600px\" \/><\/div><\/figure>[\/vc_column][\/vc_row][vc_row][vc_column][vc_column_text font_size=\u00a0\u00bb18&Prime;]<span style=\"font-weight: 400;\">\u00a0<\/span><span style=\"font-weight: 400;\"><strong>La cr\u00e9ation graphique<\/strong> vous permettra de visualiser des id\u00e9es, la direction artistique indique le chemin \u00e0 prendre. Pour \u00eatre efficace, une communication cr\u00e9ative doit choisir les bons supports afin d\u2019avoir une diffusion optimale.<\/span><\/p>\n<p><span style=\"font-weight: 400;\"><strong>Digitxpert<\/strong> est \u00e0 l&rsquo;\u00e9coute de vos envies, apr\u00e8s compr\u00e9hension de vos attentes notre objectif est de faire co\u00efncider votre demande \u00e0 notre expertise.<\/span><\/p>\n<p><span style=\"font-weight: 400;\">Chez <strong>Digitxpert<\/strong> nous cultivons les tendances du graphisme, puis laissons libre cours \u00e0 la cr\u00e9ativit\u00e9 d\u00e9bordante de notre \u00e9quipe afin de vous propulser vers votre succ\u00e8s.<\/span><\/p>\n<p><span style=\"font-weight: 400;\"><strong>Digitxpert<\/strong> r\u00e9alise vos banni\u00e8res, votre logo et n&rsquo;importe quel support visuel digital ou physique \u00e0 votre demande. <\/span>[\/vc_column_text][\/vc_column][\/vc_row]\n<\/div>","protected":false},"excerpt":{"rendered":"<p>[vc_row][vc_column width=\u00a0\u00bb2\/4&Prime;][vc_column_text font_size=\u00a0\u00bb30&Prime;] GRAPHISME SUPPORT VISUEL ET LOGO[\/vc_column_text][\/vc_column][vc_column width=\u00a0\u00bb2\/4&Prime;][\/vc_column][\/vc_row][vc_row][vc_column][vc_column_text font_size=\u00a0\u00bb18&Prime;]\u00a0La cr\u00e9ation graphique vous permettra de visualiser des id\u00e9es, la direction artistique indique le chemin \u00e0 prendre. Pour \u00eatre efficace, une communication cr\u00e9ative doit choisir les bons supports afin d\u2019avoir une diffusion optimale. Digitxpert est \u00e0 l&rsquo;\u00e9coute de vos envies, apr\u00e8s compr\u00e9hension de vos attentes notre&hellip;<\/p>\n","protected":false},"author":1,"featured_media":0,"parent":0,"menu_order":0,"comment_status":"closed","ping_status":"closed","template":"","meta":{"om_disable_all_campaigns":false,"_monsterinsights_skip_tracking":false,"_monsterinsights_sitenote_active":false,"_monsterinsights_sitenote_note":"","_monsterinsights_sitenote_category":0,"_uf_show_specific_survey":0,"_uf_disable_surveys":false,"_themeisle_gutenberg_block_has_review":false,"footnotes":""},"class_list":["post-329","page","type-page","status-publish","hentry","entry","no-media"],"aioseo_notices":[],"jetpack_sharing_enabled":true,"_links":{"self":[{"href":"https:\/\/digitxpert.fr\/index.php\/wp-json\/wp\/v2\/pages\/329","targetHints":{"allow":["GET"]}}],"collection":[{"href":"https:\/\/digitxpert.fr\/index.php\/wp-json\/wp\/v2\/pages"}],"about":[{"href":"https:\/\/digitxpert.fr\/index.php\/wp-json\/wp\/v2\/types\/page"}],"author":[{"embeddable":true,"href":"https:\/\/digitxpert.fr\/index.php\/wp-json\/wp\/v2\/users\/1"}],"replies":[{"embeddable":true,"href":"https:\/\/digitxpert.fr\/index.php\/wp-json\/wp\/v2\/comments?post=329"}],"version-history":[{"count":17,"href":"https:\/\/digitxpert.fr\/index.php\/wp-json\/wp\/v2\/pages\/329\/revisions"}],"predecessor-version":[{"id":535,"href":"https:\/\/digitxpert.fr\/index.php\/wp-json\/wp\/v2\/pages\/329\/revisions\/535"}],"wp:attachment":[{"href":"https:\/\/digitxpert.fr\/index.php\/wp-json\/wp\/v2\/media?parent=329"}],"curies":[{"name":"wp","href":"https:\/\/api.w.org\/{rel}","templated":true}]}}